{"id":1016,"date":"2025-05-21T14:56:10","date_gmt":"2025-05-21T07:56:10","guid":{"rendered":"http:\/\/jpnamtien.com\/?post_type=product&#038;p=1016"},"modified":"2025-10-08T17:35:36","modified_gmt":"2025-10-08T10:35:36","slug":"%e3%80%902buy300%e5%86%86off%e5%af%be%e8%b1%a1%e3%80%91%e3%80%90%e3%82%b9%e3%83%94%e3%83%bc%e3%83%89%e9%85%8d%e9%80%81%e3%80%91%e3%80%90%e3%83%96%e3%83%a9%e7%b4%90%e9%9a%a0%e3%81%97%e3%80%91%e9%81%b8","status":"publish","type":"product","link":"http:\/\/jpnamtien.com\/?product=%e3%80%902buy300%e5%86%86off%e5%af%be%e8%b1%a1%e3%80%91%e3%80%90%e3%82%b9%e3%83%94%e3%83%bc%e3%83%89%e9%85%8d%e9%80%81%e3%80%91%e3%80%90%e3%83%96%e3%83%a9%e7%b4%90%e9%9a%a0%e3%81%97%e3%80%91%e9%81%b8","title":{"rendered":"\u3010Giao h\u00e0ng nhanh\u3011\u3010Gi\u1ea5u d\u00e2y \u00e1o ng\u1ef1c\u3011\u00c1o tank top g\u00e2n \u2013 nhi\u1ec1u ki\u1ec3u l\u1ef1a ch\u1ecdn"},"content":{"rendered":"<table style=\"width:100%; border-collapse:collapse;\">\n<tbody>\n<tr>\n<th style=\"text-align:left; padding:6px; width:120px;\">Ghi ch\u00fa<\/th>\n<td style=\"padding:6px;\">\n        \u0110\u1ed9 xuy\u00ean th\u1ea5u (m\u00e0u s\u00e1ng): H\u01a1i c\u00f3<br \/>\n        \u0110\u1ed9 xuy\u00ean th\u1ea5u (m\u00e0u \u0111\u1eadm): Kh\u00f4ng<br \/>\n        Co gi\u00e3n: C\u00f3<br \/>\n        L\u1edbp l\u00f3t: Kh\u00f4ng<br \/>\n        T\u00fai \u00e1o: Kh\u00f4ng<br \/>\n        Kh\u00f3a k\u00e9o: Kh\u00f4ng<br \/>\n        Do \u0111\u1eb7c t\u00ednh c\u1ee7a v\u1ea3i, c\u00f3 th\u1ec3 xu\u1ea5t hi\u1ec7n m\u1ed9t ch\u00fat x\u01a1 v\u1ea3i.<br \/>\n        M\u00e0u tr\u1eafng ng\u00e0 c\u00f3 th\u1ec3 h\u01a1i trong su\u1ed1t m\u1ed9t ch\u00fat.<br \/>\n        <span style=\"color:#f00;\"><br \/>\n          \u203b Do \u0111\u1eb7c t\u00ednh c\u1ee7a ch\u1ea5t li\u1ec7u, \u00e1o c\u00f3 th\u1ec3 b\u1ecb nh\u0103n sau khi gi\u1eb7t. S\u1eed d\u1ee5ng b\u00e0n \u1ee7i h\u01a1i n\u01b0\u1edbc \u0111\u1ec3 l\u00e0m ph\u1eb3ng s\u1ebd gi\u00fap kh\u1eafc ph\u1ee5c t\u00ecnh tr\u1ea1ng n\u00e0y. Mong qu\u00fd kh\u00e1ch th\u00f4ng c\u1ea3m.<br \/>\n        <\/span><br \/>\n        <small>\u203b K\u00edch th\u01b0\u1edbc \u0111o th\u1ef1c t\u1ebf \u0111\u01b0\u1ee3c l\u1ea5y khi \u00e1o \u0111\u01b0\u1ee3c tr\u1ea3i ph\u1eb3ng, n\u00ean c\u00f3 th\u1ec3 kh\u00e1c v\u1edbi k\u00edch th\u01b0\u1edbc ghi tr\u00ean tag.<\/small>\n      <\/td>\n<\/tr>\n<tr>\n<th style=\"text-align:left; padding:6px;\">L\u01b0u \u00fd<\/th>\n<td style=\"padding:6px;\">\n        \u30fbDo c\u1eaft v\u1ea3i, h\u1ecda ti\u1ebft c\u00f3 th\u1ec3 kh\u00e1c so v\u1edbi h\u00ecnh \u1ea3nh minh h\u1ecda.<br \/>\n        C\u00f9ng m\u1ed9t s\u1ea3n ph\u1ea9m v\u00e0 m\u00e0u s\u1eafc, nh\u01b0ng t\u00f9y theo thu\u1ed1c nhu\u1ed9m ho\u1eb7c l\u00f4 s\u1ea3n xu\u1ea5t m\u00e0 \u0111\u1ed9 co gi\u00e3n, \u0111\u1ed9 d\u00e0y v\u00e0 c\u1ea3m gi\u00e1c m\u1eb7c c\u00f3 th\u1ec3 kh\u00e1c nhau.<br \/>\n        Trong qu\u00e1 tr\u00ecnh in \u1ea5n, c\u00f3 th\u1ec3 xu\u1ea5t hi\u1ec7n m\u1ed9t v\u00e0i v\u1ebft m\u1ef1c nh\u1ecf \u2013 \u0111\u00e2y l\u00e0 hi\u1ec7n t\u01b0\u1ee3ng t\u1ef1 nhi\u00ean trong quy tr\u00ecnh s\u1ea3n xu\u1ea5t, mong qu\u00fd kh\u00e1ch th\u00f4ng c\u1ea3m.<\/p>\n<p>        \u30fbNgay c\u1ea3 trong c\u00f9ng m\u1ed9t \u0111\u1ee3t s\u1ea3n xu\u1ea5t, m\u00e0u s\u1eafc, k\u00edch th\u01b0\u1edbc, thi\u1ebft k\u1ebf ho\u1eb7c c\u1ea3m gi\u00e1c v\u1ea3i c\u00f3 th\u1ec3 h\u01a1i kh\u00e1c nhau.<br \/>\n        M\u1eb7c d\u00f9 nh\u00e2n vi\u00ean \u0111\u00e3 th\u1ed1ng nh\u1ea5t c\u00e1ch \u0111o k\u00edch th\u01b0\u1edbc, v\u1eabn c\u00f3 th\u1ec3 c\u00f3 sai s\u1ed1 kho\u1ea3ng 2\u20133 cm.<\/p>\n<p>        V\u1edbi c\u00e1c s\u1ea3n ph\u1ea9m d\u1ec7t kim, do quy tr\u00ecnh s\u1ea3n xu\u1ea5t (n\u1ed1i s\u1ee3i, pha tr\u1ed9n s\u1ee3i, \u00e9p nhi\u1ec7t ho\u1eb7c gi\u1eb7t sau khi ho\u00e0n thi\u1ec7n) c\u00f3 th\u1ec3 khi\u1ebfn h\u00ecnh d\u00e1ng ho\u1eb7c k\u00edch th\u01b0\u1edbc sai l\u1ec7ch kho\u1ea3ng 5 cm, nh\u01b0ng \u0111i\u1ec1u n\u00e0y kh\u00f4ng \u1ea3nh h\u01b0\u1edfng \u0111\u1ebfn ch\u1ea5t l\u01b0\u1ee3ng s\u1ea3n ph\u1ea9m.\n      <\/td>\n<\/tr>\n<\/tbody>\n<\/table>\n","protected":false},"excerpt":{"rendered":"<p>Ghi ch\u00fa \u0110\u1ed9 xuy\u00ean th\u1ea5u (m\u00e0u s\u00e1ng): H\u01a1i c\u00f3 \u0110\u1ed9 xuy\u00ean th\u1ea5u (m\u00e0u \u0111\u1eadm): Kh\u00f4ng Co gi\u00e3n: C\u00f3 L\u1edbp l\u00f3t: Kh\u00f4ng T\u00fai \u00e1o: Kh\u00f4ng Kh\u00f3a k\u00e9o: Kh\u00f4ng Do \u0111\u1eb7c t\u00ednh c\u1ee7a v\u1ea3i, c\u00f3 th\u1ec3 xu\u1ea5t hi\u1ec7n m\u1ed9t ch\u00fat x\u01a1 v\u1ea3i. M\u00e0u tr\u1eafng ng\u00e0 c\u00f3 th\u1ec3 h\u01a1i trong su\u1ed1t m\u1ed9t ch\u00fat. \u203b Do \u0111\u1eb7c t\u00ednh c\u1ee7a [&#8230;]\n","protected":false},"featured_media":1018,"comment_status":"open","ping_status":"closed","template":"","meta":[],"product_brand":[],"product_cat":[59],"product_tag":[],"class_list":{"0":"post-1016","1":"product","2":"type-product","3":"status-publish","4":"has-post-thumbnail","6":"product_cat-woman","8":"first","9":"instock","10":"sale","11":"shipping-taxable","12":"purchasable","13":"product-type-simple"},"_links":{"self":[{"href":"http:\/\/jpnamtien.com\/index.php?rest_route=\/wp\/v2\/product\/1016","targetHints":{"allow":["GET"]}}],"collection":[{"href":"http:\/\/jpnamtien.com\/index.php?rest_route=\/wp\/v2\/product"}],"about":[{"href":"http:\/\/jpnamtien.com\/index.php?rest_route=\/wp\/v2\/types\/product"}],"replies":[{"embeddable":true,"href":"http:\/\/jpnamtien.com\/index.php?rest_route=%2Fwp%2Fv2%2Fcomments&post=1016"}],"wp:featuredmedia":[{"embeddable":true,"href":"http:\/\/jpnamtien.com\/index.php?rest_route=\/wp\/v2\/media\/1018"}],"wp:attachment":[{"href":"http:\/\/jpnamtien.com\/index.php?rest_route=%2Fwp%2Fv2%2Fmedia&parent=1016"}],"wp:term":[{"taxonomy":"product_brand","embeddable":true,"href":"http:\/\/jpnamtien.com\/index.php?rest_route=%2Fwp%2Fv2%2Fproduct_brand&post=1016"},{"taxonomy":"product_cat","embeddable":true,"href":"http:\/\/jpnamtien.com\/index.php?rest_route=%2Fwp%2Fv2%2Fproduct_cat&post=1016"},{"taxonomy":"product_tag","embeddable":true,"href":"http:\/\/jpnamtien.com\/index.php?rest_route=%2Fwp%2Fv2%2Fproduct_tag&post=1016"}],"curies":[{"name":"wp","href":"https:\/\/api.w.org\/{rel}","templated":true}]}}